{"id":1149,"date":"2016-06-30T07:47:17","date_gmt":"2016-06-30T07:47:17","guid":{"rendered":"http:\/\/www.bisasierre.ch\/?page_id=1149"},"modified":"2025-06-04T09:11:12","modified_gmt":"2025-06-04T09:11:12","slug":"contact-bisa","status":"publish","type":"page","link":"https:\/\/www.bisasierre.ch\/wp\/contact-bisa\/","title":{"rendered":"Contact bisa"},"content":{"rendered":"<div class=\"fusion-fullwidth fullwidth-box fusion-builder-row-1 nonhundred-percent-fullwidth non-hundred-percent-height-scrolling\" style=\"--awb-background-position:left top;--awb-border-sizes-top:0px;--awb-border-sizes-bottom:0px;--awb-border-sizes-left:0px;--awb-border-sizes-right:0px;--awb-border-radius-top-left:0px;--awb-border-radius-top-right:0px;--awb-border-radius-bottom-right:0px;--awb-border-radius-bottom-left:0px;--awb-padding-top:20px;--awb-padding-right:10%;--awb-padding-bottom:20px;--awb-padding-left:10%;--awb-flex-wrap:wrap;\" ><div class=\"fusion-builder-row fusion-row\"><div class=\"fusion-layout-column fusion_builder_column fusion-builder-column-0 fusion_builder_column_1_3 1_3 fusion-one-third fusion-column-first\" style=\"--awb-bg-size:cover;width:30.6666%; margin-right: 4%;\"><div class=\"fusion-column-wrapper fusion-flex-column-wrapper-legacy\"><div class=\"fusion-text fusion-text-1\"><h4>Coordonn\u00e9es<\/h4>\n<p>b<em>i<\/em>sa &#8211; bureau d&rsquo;ing\u00e9nieurs sa<br \/>\nAv. du Rothorn 10<br \/>\n3960 Sierre<\/p>\n<p>T\u00e9l. +41 27 451 75 75<br \/>\nFax +41 27 451 75 76<\/p>\n<p>E-mail : <a href=\"mailto:info@bisasierre.ch\" target=\"_self\" rel=\"noopener noreferrer\">info@bisasierre.ch<\/a><br \/>\nInternet : <a href=\"http:\/\/www.bisasierre.ch\" target=\"_self\" rel=\"noopener noreferrer\">http:\/\/www.bisasierre.ch<\/a><\/p>\n<\/div><div class=\"fusion-clearfix\"><\/div><\/div><\/div><div class=\"fusion-layout-column fusion_builder_column fusion-builder-column-1 fusion_builder_column_2_3 2_3 fusion-two-third fusion-column-last\" style=\"--awb-bg-size:cover;width:65.3333%;\"><div class=\"fusion-column-wrapper fusion-flex-column-wrapper-legacy\"><div class=\"fusion-text fusion-text-2\"><p><iframe style=\"border: 0;\" src=\"https:\/\/www.google.com\/maps\/embed?pb=!1m18!1m12!1m3!1d2756.8079125749446!2d7.529716415899577!3d46.29379018572447!2m3!1f0!2f0!3f0!3m2!1i1024!2i768!4f13.1!3m3!1m2!1s0x478f1f0934c9bb4f%3A0x2c3260cb7ac113ba!2sAv.%20du%20Rothorn%2010%2C%203960%20Sierre!5e0!3m2!1sfr!2sch!4v1665475092143!5m2!1sfr!2sch\" width=\"600\" height=\"250\" allowfullscreen=\"allowfullscreen\"><\/iframe><\/p>\n<\/div><div class=\"fusion-clearfix\"><\/div><\/div><\/div><div class=\"fusion-layout-column fusion_builder_column fusion-builder-column-2 fusion_builder_column_1_3 1_3 fusion-one-third fusion-column-first\" style=\"--awb-bg-size:cover;width:30.6666%; margin-right: 4%;\"><div class=\"fusion-column-wrapper fusion-flex-column-wrapper-legacy\"><div class=\"fusion-text fusion-text-3\"><h4>Succursale d\u2019Anniviers<\/h4>\n<p style=\"font-weight: 400;\">b<em>i<\/em>sa bureau d\u2019ing\u00e9nieurs sa<br \/>\nSuccursale Anniviers<br \/>\nRoute de Vissoie 20<br \/>\n3961 St-Luc<\/p>\n<p style=\"font-weight: 400;\"><strong>Responsable\u00a0:<\/strong><br \/>\nOlivier Zufferey<br \/>\n+41 79 705 13 41<\/p>\n<p style=\"font-weight: 400;\">E-mail : <a href=\"mailto:oz@bisanniviers.ch\">oz@bisanniviers.ch<\/a><\/p>\n<\/div><div class=\"fusion-clearfix\"><\/div><\/div><\/div><div class=\"fusion-layout-column fusion_builder_column fusion-builder-column-3 fusion_builder_column_2_3 2_3 fusion-two-third fusion-column-last\" style=\"--awb-bg-size:cover;width:65.3333%;\"><div class=\"fusion-column-wrapper fusion-flex-column-wrapper-legacy\"><div class=\"fusion-text fusion-text-4\"><p><iframe style=\"border: 0;\" src=\"https:\/\/www.google.com\/maps\/embed?pb=!1m18!1m12!1m3!1d2760.427364548637!2d7.588481282862623!3d46.22184535938781!2m3!1f0!2f0!3f0!3m2!1i1024!2i768!4f13.1!3m3!1m2!1s0x478f23ae1181bac5%3A0x713b08cbb7c30cd4!2sRte%20de%20Vissoie%2020%2C%203961%20Saint-Luc!5e0!3m2!1sfr!2sch!4v1665475360761!5m2!1sfr!2sch\" width=\"600\" height=\"250\" allowfullscreen=\"allowfullscreen\"><\/iframe><\/p>\n<\/div><div class=\"fusion-clearfix\"><\/div><\/div><\/div><div class=\"fusion-layout-column fusion_builder_column fusion-builder-column-4 fusion_builder_column_1_3 1_3 fusion-one-third fusion-column-first\" style=\"--awb-bg-size:cover;width:30.6666%; margin-right: 4%;\"><div class=\"fusion-column-wrapper fusion-flex-column-wrapper-legacy\"><div class=\"fusion-text fusion-text-5\"><h4>Publicit\u00e9s<\/h4>\n<p><a href=\"http:\/\/www.bisasierre.ch\/wp\/wp-content\/uploads\/2016\/06\/BISApublicites.pdf\" target=\"_blank\" rel=\"noopener noreferrer\">T\u00e9l\u00e9chargez nos publicit\u00e9s (format pdf)<\/a><\/p>\n<\/div><div class=\"fusion-clearfix\"><\/div><\/div><\/div><\/div><\/div>\n","protected":false},"excerpt":{"rendered":"","protected":false},"author":1,"featured_media":0,"parent":0,"menu_order":0,"comment_status":"closed","ping_status":"closed","template":"","meta":{"footnotes":""},"class_list":["post-1149","page","type-page","status-publish","hentry"],"yoast_head":"<!-- This site is optimized with the Yoast SEO plugin v25.2 - https:\/\/yoast.com\/wordpress\/plugins\/seo\/ -->\n<title>Contact bisa - BISA - Bureau d&#039;Ing\u00e9nieurs SA - Sierre<\/title>\n<meta name=\"description\" content=\"Contactez notre bureau d\u2019ing\u00e9nieurs \u00e0 Sierre et Anniviers. Bisa vous accompagne dans vos projets d\u2019am\u00e9nagement du territoire, tourisme et infrastructures.\" \/>\n<meta name=\"robots\" content=\"index, follow, max-snippet:-1, max-image-preview:large, max-video-preview:-1\" \/>\n<link rel=\"canonical\" href=\"https:\/\/www.bisasierre.ch\/wp\/contact-bisa\/\" \/>\n<meta property=\"og:locale\" content=\"fr_FR\" \/>\n<meta property=\"og:type\" content=\"article\" \/>\n<meta property=\"og:title\" content=\"Contact bisa - BISA - Bureau d&#039;Ing\u00e9nieurs SA - Sierre\" \/>\n<meta property=\"og:description\" content=\"Contactez notre bureau d\u2019ing\u00e9nieurs \u00e0 Sierre et Anniviers. Bisa vous accompagne dans vos projets d\u2019am\u00e9nagement du territoire, tourisme et infrastructures.\" \/>\n<meta property=\"og:url\" content=\"https:\/\/www.bisasierre.ch\/wp\/contact-bisa\/\" \/>\n<meta property=\"og:site_name\" content=\"BISA - Bureau d&#039;Ing\u00e9nieurs SA - Sierre\" \/>\n<meta property=\"article:publisher\" content=\"https:\/\/www.facebook.com\/bisasierre\" \/>\n<meta property=\"article:modified_time\" content=\"2025-06-04T09:11:12+00:00\" \/>\n<meta name=\"twitter:card\" content=\"summary_large_image\" \/>\n<meta name=\"twitter:label1\" content=\"Dur\u00e9e de lecture estim\u00e9e\" \/>\n\t<meta name=\"twitter:data1\" content=\"1 minute\" \/>\n<script type=\"application\/ld+json\" class=\"yoast-schema-graph\">{\"@context\":\"https:\/\/schema.org\",\"@graph\":[{\"@type\":\"WebPage\",\"@id\":\"https:\/\/www.bisasierre.ch\/wp\/contact-bisa\/\",\"url\":\"https:\/\/www.bisasierre.ch\/wp\/contact-bisa\/\",\"name\":\"Contact bisa - BISA - Bureau d&#039;Ing\u00e9nieurs SA - Sierre\",\"isPartOf\":{\"@id\":\"https:\/\/www.bisasierre.ch\/wp\/#website\"},\"datePublished\":\"2016-06-30T07:47:17+00:00\",\"dateModified\":\"2025-06-04T09:11:12+00:00\",\"description\":\"Contactez notre bureau d\u2019ing\u00e9nieurs \u00e0 Sierre et Anniviers. Bisa vous accompagne dans vos projets d\u2019am\u00e9nagement du territoire, tourisme et infrastructures.\",\"breadcrumb\":{\"@id\":\"https:\/\/www.bisasierre.ch\/wp\/contact-bisa\/#breadcrumb\"},\"inLanguage\":\"fr-FR\",\"potentialAction\":[{\"@type\":\"ReadAction\",\"target\":[\"https:\/\/www.bisasierre.ch\/wp\/contact-bisa\/\"]}]},{\"@type\":\"BreadcrumbList\",\"@id\":\"https:\/\/www.bisasierre.ch\/wp\/contact-bisa\/#breadcrumb\",\"itemListElement\":[{\"@type\":\"ListItem\",\"position\":1,\"name\":\"Accueil\",\"item\":\"https:\/\/www.bisasierre.ch\/wp\/\"},{\"@type\":\"ListItem\",\"position\":2,\"name\":\"Contact bisa\"}]},{\"@type\":\"WebSite\",\"@id\":\"https:\/\/www.bisasierre.ch\/wp\/#website\",\"url\":\"https:\/\/www.bisasierre.ch\/wp\/\",\"name\":\"BISA - Bureau d'Ing\u00e9nieurs SA - Sierre\",\"description\":\"G\u00e9nie civil et construction routi\u00e8re, structures, ouvrages, g\u00e9nie parasismique, am\u00e9nagement du territoire, environnement et mobilit\u00e9,  projets touristiques...\",\"publisher\":{\"@id\":\"https:\/\/www.bisasierre.ch\/wp\/#organization\"},\"alternateName\":\"bisa Sierre\",\"potentialAction\":[{\"@type\":\"SearchAction\",\"target\":{\"@type\":\"EntryPoint\",\"urlTemplate\":\"https:\/\/www.bisasierre.ch\/wp\/?s={search_term_string}\"},\"query-input\":{\"@type\":\"PropertyValueSpecification\",\"valueRequired\":true,\"valueName\":\"search_term_string\"}}],\"inLanguage\":\"fr-FR\"},{\"@type\":\"Organization\",\"@id\":\"https:\/\/www.bisasierre.ch\/wp\/#organization\",\"name\":\"BISA - Bureau d'Ing\u00e9nieurs SA - Sierre\",\"url\":\"https:\/\/www.bisasierre.ch\/wp\/\",\"logo\":{\"@type\":\"ImageObject\",\"inLanguage\":\"fr-FR\",\"@id\":\"https:\/\/www.bisasierre.ch\/wp\/#\/schema\/logo\/image\/\",\"url\":\"https:\/\/www.bisasierre.ch\/wp\/wp-content\/uploads\/2016\/05\/logoBISA.png\",\"contentUrl\":\"https:\/\/www.bisasierre.ch\/wp\/wp-content\/uploads\/2016\/05\/logoBISA.png\",\"width\":139,\"height\":77,\"caption\":\"BISA - Bureau d'Ing\u00e9nieurs SA - Sierre\"},\"image\":{\"@id\":\"https:\/\/www.bisasierre.ch\/wp\/#\/schema\/logo\/image\/\"},\"sameAs\":[\"https:\/\/www.facebook.com\/bisasierre\"]}]}<\/script>\n<!-- \/ Yoast SEO plugin. -->","yoast_head_json":{"title":"Contact bisa - BISA - Bureau d&#039;Ing\u00e9nieurs SA - Sierre","description":"Contactez notre bureau d\u2019ing\u00e9nieurs \u00e0 Sierre et Anniviers. Bisa vous accompagne dans vos projets d\u2019am\u00e9nagement du territoire, tourisme et infrastructures.","robots":{"index":"index","follow":"follow","max-snippet":"max-snippet:-1","max-image-preview":"max-image-preview:large","max-video-preview":"max-video-preview:-1"},"canonical":"https:\/\/www.bisasierre.ch\/wp\/contact-bisa\/","og_locale":"fr_FR","og_type":"article","og_title":"Contact bisa - BISA - Bureau d&#039;Ing\u00e9nieurs SA - Sierre","og_description":"Contactez notre bureau d\u2019ing\u00e9nieurs \u00e0 Sierre et Anniviers. Bisa vous accompagne dans vos projets d\u2019am\u00e9nagement du territoire, tourisme et infrastructures.","og_url":"https:\/\/www.bisasierre.ch\/wp\/contact-bisa\/","og_site_name":"BISA - Bureau d&#039;Ing\u00e9nieurs SA - Sierre","article_publisher":"https:\/\/www.facebook.com\/bisasierre","article_modified_time":"2025-06-04T09:11:12+00:00","twitter_card":"summary_large_image","twitter_misc":{"Dur\u00e9e de lecture estim\u00e9e":"1 minute"},"schema":{"@context":"https:\/\/schema.org","@graph":[{"@type":"WebPage","@id":"https:\/\/www.bisasierre.ch\/wp\/contact-bisa\/","url":"https:\/\/www.bisasierre.ch\/wp\/contact-bisa\/","name":"Contact bisa - BISA - Bureau d&#039;Ing\u00e9nieurs SA - Sierre","isPartOf":{"@id":"https:\/\/www.bisasierre.ch\/wp\/#website"},"datePublished":"2016-06-30T07:47:17+00:00","dateModified":"2025-06-04T09:11:12+00:00","description":"Contactez notre bureau d\u2019ing\u00e9nieurs \u00e0 Sierre et Anniviers. Bisa vous accompagne dans vos projets d\u2019am\u00e9nagement du territoire, tourisme et infrastructures.","breadcrumb":{"@id":"https:\/\/www.bisasierre.ch\/wp\/contact-bisa\/#breadcrumb"},"inLanguage":"fr-FR","potentialAction":[{"@type":"ReadAction","target":["https:\/\/www.bisasierre.ch\/wp\/contact-bisa\/"]}]},{"@type":"BreadcrumbList","@id":"https:\/\/www.bisasierre.ch\/wp\/contact-bisa\/#breadcrumb","itemListElement":[{"@type":"ListItem","position":1,"name":"Accueil","item":"https:\/\/www.bisasierre.ch\/wp\/"},{"@type":"ListItem","position":2,"name":"Contact bisa"}]},{"@type":"WebSite","@id":"https:\/\/www.bisasierre.ch\/wp\/#website","url":"https:\/\/www.bisasierre.ch\/wp\/","name":"BISA - Bureau d'Ing\u00e9nieurs SA - Sierre","description":"G\u00e9nie civil et construction routi\u00e8re, structures, ouvrages, g\u00e9nie parasismique, am\u00e9nagement du territoire, environnement et mobilit\u00e9,  projets touristiques...","publisher":{"@id":"https:\/\/www.bisasierre.ch\/wp\/#organization"},"alternateName":"bisa Sierre","potentialAction":[{"@type":"SearchAction","target":{"@type":"EntryPoint","urlTemplate":"https:\/\/www.bisasierre.ch\/wp\/?s={search_term_string}"},"query-input":{"@type":"PropertyValueSpecification","valueRequired":true,"valueName":"search_term_string"}}],"inLanguage":"fr-FR"},{"@type":"Organization","@id":"https:\/\/www.bisasierre.ch\/wp\/#organization","name":"BISA - Bureau d'Ing\u00e9nieurs SA - Sierre","url":"https:\/\/www.bisasierre.ch\/wp\/","logo":{"@type":"ImageObject","inLanguage":"fr-FR","@id":"https:\/\/www.bisasierre.ch\/wp\/#\/schema\/logo\/image\/","url":"https:\/\/www.bisasierre.ch\/wp\/wp-content\/uploads\/2016\/05\/logoBISA.png","contentUrl":"https:\/\/www.bisasierre.ch\/wp\/wp-content\/uploads\/2016\/05\/logoBISA.png","width":139,"height":77,"caption":"BISA - Bureau d'Ing\u00e9nieurs SA - Sierre"},"image":{"@id":"https:\/\/www.bisasierre.ch\/wp\/#\/schema\/logo\/image\/"},"sameAs":["https:\/\/www.facebook.com\/bisasierre"]}]}},"_links":{"self":[{"href":"https:\/\/www.bisasierre.ch\/wp\/wp-json\/wp\/v2\/pages\/1149","targetHints":{"allow":["GET"]}}],"collection":[{"href":"https:\/\/www.bisasierre.ch\/wp\/wp-json\/wp\/v2\/pages"}],"about":[{"href":"https:\/\/www.bisasierre.ch\/wp\/wp-json\/wp\/v2\/types\/page"}],"author":[{"embeddable":true,"href":"https:\/\/www.bisasierre.ch\/wp\/wp-json\/wp\/v2\/users\/1"}],"replies":[{"embeddable":true,"href":"https:\/\/www.bisasierre.ch\/wp\/wp-json\/wp\/v2\/comments?post=1149"}],"version-history":[{"count":12,"href":"https:\/\/www.bisasierre.ch\/wp\/wp-json\/wp\/v2\/pages\/1149\/revisions"}],"predecessor-version":[{"id":2961,"href":"https:\/\/www.bisasierre.ch\/wp\/wp-json\/wp\/v2\/pages\/1149\/revisions\/2961"}],"wp:attachment":[{"href":"https:\/\/www.bisasierre.ch\/wp\/wp-json\/wp\/v2\/media?parent=1149"}],"curies":[{"name":"wp","href":"https:\/\/api.w.org\/{rel}","templated":true}]}}